{"id":54,"date":"2016-02-14T15:32:34","date_gmt":"2016-02-14T14:32:34","guid":{"rendered":"http:\/\/obuk-ev.org\/?page_id=54"},"modified":"2024-07-24T20:54:20","modified_gmt":"2024-07-24T18:54:20","slug":"training-workshop-water-sustainability-in-educational-approaches","status":"publish","type":"page","link":"http:\/\/kruemelskeks.net\/en\/bildungsprojekte\/training-workshop-water-sustainability-in-educational-approaches\/","title":{"rendered":"Workshop &#8211; Wasser &amp; Nachhaltigkeit im Bildungsbereich"},"content":{"rendered":"<p><a href=\"http:\/\/kruemelskeks.net\/wp-content\/uploads\/2016\/02\/flyer-watertraining.jpg\" rel=\"attachment wp-att-56\"><img loading=\"lazy\" decoding=\"async\" class=\"alignleft wp-image-56\" src=\"https:\/\/http:\/\/kruemelskeks.net\/wp-content\/uploads\/2016\/02\/flyer-watertraining-200x300.jpg\" alt=\"Flyer - international training course &quot;Water &amp; Sustainability in Educational Approaches&quot;\" width=\"247\" height=\"370\" srcset=\"http:\/\/kruemelskeks.net\/wp-content\/uploads\/2016\/02\/flyer-watertraining-200x300.jpg 200w, http:\/\/kruemelskeks.net\/wp-content\/uploads\/2016\/02\/flyer-watertraining.jpg 684w\" sizes=\"(max-width: 247px) 100vw, 247px\" \/><\/a><\/p>\n<p>Wasser ist eine wichtige Ressource f\u00fcr alle Lebewesen. Dennoch sind die Trinkwasserressourcen in den letzten Jahrzehnten zur\u00fcckgegangen und die Verschmutzung des Wassers hat zugenommen, w\u00e4hrend in vielen Teilen der Welt Wasserknappheit ein gro\u00dfes Problem darstellt. Wirksame Konzepte f\u00fcr einen nachhaltigen Wasserverbrauch sind daher wichtiger denn je.<\/p>\n<p>Unser Trainingsworkshop &#8220;Water &amp; Sustainability in Educational Approaches&#8221; fand vom 13. bis 22. M\u00e4rz 2015 in Berlin statt und beleuchtete verschiedene \u00f6kologische, \u00f6konomische, politische und soziale Aspekte des Themas Wasser. Gemeinsam mit Jugendarbeitern &amp; Trainern aus Deutschland, Rum\u00e4nien, Portugal und Italien haben wir verschiedene interaktive p\u00e4dagogische Ans\u00e4tze\/Methoden ausprobiert und evaluiert, die es uns erm\u00f6glichen, das Thema Wasser &amp; Nachhaltigkeit in unsere zuk\u00fcnftige t\u00e4gliche p\u00e4dagogische Arbeit zu integrieren. Ziel war es, unsere Lernenden mit diesen attraktiven Methoden f\u00fcr dieses Thema zu sensibilisieren und sie zu motivieren, in Zukunft selbst aktiv zu werden.<\/p>\n<p>Weitere Informationen, Eindr\u00fccke und Ergebnisse dieser Fortbildung finden Sie in unserem Projekt-Blog: www.kruemelskeks.net\/watertraining\/<\/p>\n<p>Das Training wurde durch das Erasmus+ Programm der Europ\u00e4ischen Union finanziert.<\/p>\n<p><img loading=\"lazy\" decoding=\"async\" class=\"alignnone size-full wp-image-55\" src=\"https:\/\/kruemelskeks.net\/wp-content\/uploads\/2016\/02\/logo_erasmus_plus.gif\" alt=\"Logo Erasmus+\" width=\"170\" height=\"42\" \/><\/p>\n","protected":false},"excerpt":{"rendered":"<p>Wasser ist eine wichtige Ressource f\u00fcr alle Lebewesen. Dennoch sind die Trinkwasserressourcen in den letzten Jahrzehnten zur\u00fcckgegangen und die Verschmutzung des Wassers hat zugenommen, w\u00e4hrend in vielen Teilen der Welt Wasserknappheit ein gro\u00dfes Problem darstellt. Wirksame Konzepte f\u00fcr einen nachhaltigen<\/p>\n","protected":false},"author":2,"featured_media":331,"parent":13,"menu_order":0,"comment_status":"closed","ping_status":"closed","template":"","meta":{"footnotes":""},"class_list":["post-54","page","type-page","status-publish","has-post-thumbnail","hentry"],"yoast_head":"<!-- This site is optimized with the Yoast SEO plugin v19.8 - https:\/\/yoast.com\/wordpress\/plugins\/seo\/ -->\n<title>Workshop - Wasser &amp; Nachhaltigkeit im Bildungsbereich - OBUK Berlin<\/title>\n<meta name=\"robots\" content=\"index, follow, max-snippet:-1, max-image-preview:large, max-video-preview:-1\" \/>\n<link rel=\"canonical\" href=\"http:\/\/kruemelskeks.net\/bildungsprojekte\/training-workshop-water-sustainability-in-educational-approaches\/\" \/>\n<meta property=\"og:locale\" content=\"en_US\" \/>\n<meta property=\"og:type\" content=\"article\" \/>\n<meta property=\"og:title\" content=\"Workshop - Wasser &amp; Nachhaltigkeit im Bildungsbereich - OBUK Berlin\" \/>\n<meta property=\"og:description\" content=\"Wasser ist eine wichtige Ressource f\u00fcr alle Lebewesen. Dennoch sind die Trinkwasserressourcen in den letzten Jahrzehnten zur\u00fcckgegangen und die Verschmutzung des Wassers hat zugenommen, w\u00e4hrend in vielen Teilen der Welt Wasserknappheit ein gro\u00dfes Problem darstellt. Wirksame Konzepte f\u00fcr einen nachhaltigen\" \/>\n<meta property=\"og:url\" content=\"http:\/\/kruemelskeks.net\/bildungsprojekte\/training-workshop-water-sustainability-in-educational-approaches\/\" \/>\n<meta property=\"og:site_name\" content=\"OBUK Berlin\" \/>\n<meta property=\"article:modified_time\" content=\"2024-07-24T18:54:20+00:00\" \/>\n<meta property=\"og:image\" content=\"http:\/\/kruemelskeks.net\/wp-content\/uploads\/2016\/02\/watertraining_thumbnail.jpg.png\" \/>\n\t<meta property=\"og:image:width\" content=\"270\" \/>\n\t<meta property=\"og:image:height\" content=\"270\" \/>\n\t<meta property=\"og:image:type\" content=\"image\/png\" \/>\n<meta name=\"twitter:card\" content=\"summary_large_image\" \/>\n<meta name=\"twitter:label1\" content=\"Est. reading time\" \/>\n\t<meta name=\"twitter:data1\" content=\"3 minutes\" \/>\n<script type=\"application\/ld+json\" class=\"yoast-schema-graph\">{\"@context\":\"https:\/\/schema.org\",\"@graph\":[{\"@type\":\"WebPage\",\"@id\":\"http:\/\/kruemelskeks.net\/bildungsprojekte\/training-workshop-water-sustainability-in-educational-approaches\/\",\"url\":\"http:\/\/kruemelskeks.net\/bildungsprojekte\/training-workshop-water-sustainability-in-educational-approaches\/\",\"name\":\"Workshop - Wasser &amp; Nachhaltigkeit im Bildungsbereich - OBUK Berlin\",\"isPartOf\":{\"@id\":\"http:\/\/kruemelskeks.net\/#website\"},\"datePublished\":\"2016-02-14T14:32:34+00:00\",\"dateModified\":\"2024-07-24T18:54:20+00:00\",\"breadcrumb\":{\"@id\":\"http:\/\/kruemelskeks.net\/bildungsprojekte\/training-workshop-water-sustainability-in-educational-approaches\/#breadcrumb\"},\"inLanguage\":\"en-US\",\"potentialAction\":[{\"@type\":\"ReadAction\",\"target\":[\"http:\/\/kruemelskeks.net\/bildungsprojekte\/training-workshop-water-sustainability-in-educational-approaches\/\"]}]},{\"@type\":\"BreadcrumbList\",\"@id\":\"http:\/\/kruemelskeks.net\/bildungsprojekte\/training-workshop-water-sustainability-in-educational-approaches\/#breadcrumb\",\"itemListElement\":[{\"@type\":\"ListItem\",\"position\":1,\"name\":\"Bildungsprojekte\",\"item\":\"http:\/\/kruemelskeks.net\/bildungsprojekte\/\"},{\"@type\":\"ListItem\",\"position\":2,\"name\":\"Workshop &#8211; Wasser &amp; Nachhaltigkeit im Bildungsbereich\"}]},{\"@type\":\"WebSite\",\"@id\":\"http:\/\/kruemelskeks.net\/#website\",\"url\":\"http:\/\/kruemelskeks.net\/\",\"name\":\"OBUK Berlin\",\"description\":\"F\u00f6rderverein Bildung Umwelt Kultur e.V.\",\"potentialAction\":[{\"@type\":\"SearchAction\",\"target\":{\"@type\":\"EntryPoint\",\"urlTemplate\":\"http:\/\/kruemelskeks.net\/?s={search_term_string}\"},\"query-input\":\"required name=search_term_string\"}],\"inLanguage\":\"en-US\"}]}<\/script>\n<!-- \/ Yoast SEO plugin. -->","yoast_head_json":{"title":"Workshop - Wasser &amp; Nachhaltigkeit im Bildungsbereich - OBUK Berlin","robots":{"index":"index","follow":"follow","max-snippet":"max-snippet:-1","max-image-preview":"max-image-preview:large","max-video-preview":"max-video-preview:-1"},"canonical":"http:\/\/kruemelskeks.net\/bildungsprojekte\/training-workshop-water-sustainability-in-educational-approaches\/","og_locale":"en_US","og_type":"article","og_title":"Workshop - Wasser &amp; Nachhaltigkeit im Bildungsbereich - OBUK Berlin","og_description":"Wasser ist eine wichtige Ressource f\u00fcr alle Lebewesen. Dennoch sind die Trinkwasserressourcen in den letzten Jahrzehnten zur\u00fcckgegangen und die Verschmutzung des Wassers hat zugenommen, w\u00e4hrend in vielen Teilen der Welt Wasserknappheit ein gro\u00dfes Problem darstellt. Wirksame Konzepte f\u00fcr einen nachhaltigen","og_url":"http:\/\/kruemelskeks.net\/bildungsprojekte\/training-workshop-water-sustainability-in-educational-approaches\/","og_site_name":"OBUK Berlin","article_modified_time":"2024-07-24T18:54:20+00:00","og_image":[{"width":270,"height":270,"url":"http:\/\/kruemelskeks.net\/wp-content\/uploads\/2016\/02\/watertraining_thumbnail.jpg.png","type":"image\/png"}],"twitter_card":"summary_large_image","twitter_misc":{"Est. reading time":"3 minutes"},"schema":{"@context":"https:\/\/schema.org","@graph":[{"@type":"WebPage","@id":"http:\/\/kruemelskeks.net\/bildungsprojekte\/training-workshop-water-sustainability-in-educational-approaches\/","url":"http:\/\/kruemelskeks.net\/bildungsprojekte\/training-workshop-water-sustainability-in-educational-approaches\/","name":"Workshop - Wasser &amp; Nachhaltigkeit im Bildungsbereich - OBUK Berlin","isPartOf":{"@id":"http:\/\/kruemelskeks.net\/#website"},"datePublished":"2016-02-14T14:32:34+00:00","dateModified":"2024-07-24T18:54:20+00:00","breadcrumb":{"@id":"http:\/\/kruemelskeks.net\/bildungsprojekte\/training-workshop-water-sustainability-in-educational-approaches\/#breadcrumb"},"inLanguage":"en-US","potentialAction":[{"@type":"ReadAction","target":["http:\/\/kruemelskeks.net\/bildungsprojekte\/training-workshop-water-sustainability-in-educational-approaches\/"]}]},{"@type":"BreadcrumbList","@id":"http:\/\/kruemelskeks.net\/bildungsprojekte\/training-workshop-water-sustainability-in-educational-approaches\/#breadcrumb","itemListElement":[{"@type":"ListItem","position":1,"name":"Bildungsprojekte","item":"http:\/\/kruemelskeks.net\/bildungsprojekte\/"},{"@type":"ListItem","position":2,"name":"Workshop &#8211; Wasser &amp; Nachhaltigkeit im Bildungsbereich"}]},{"@type":"WebSite","@id":"http:\/\/kruemelskeks.net\/#website","url":"http:\/\/kruemelskeks.net\/","name":"OBUK Berlin","description":"F\u00f6rderverein Bildung Umwelt Kultur e.V.","potentialAction":[{"@type":"SearchAction","target":{"@type":"EntryPoint","urlTemplate":"http:\/\/kruemelskeks.net\/?s={search_term_string}"},"query-input":"required name=search_term_string"}],"inLanguage":"en-US"}]}},"_links":{"self":[{"href":"http:\/\/kruemelskeks.net\/en\/wp-json\/wp\/v2\/pages\/54"}],"collection":[{"href":"http:\/\/kruemelskeks.net\/en\/wp-json\/wp\/v2\/pages"}],"about":[{"href":"http:\/\/kruemelskeks.net\/en\/wp-json\/wp\/v2\/types\/page"}],"author":[{"embeddable":true,"href":"http:\/\/kruemelskeks.net\/en\/wp-json\/wp\/v2\/users\/2"}],"replies":[{"embeddable":true,"href":"http:\/\/kruemelskeks.net\/en\/wp-json\/wp\/v2\/comments?post=54"}],"version-history":[{"count":8,"href":"http:\/\/kruemelskeks.net\/en\/wp-json\/wp\/v2\/pages\/54\/revisions"}],"predecessor-version":[{"id":1120,"href":"http:\/\/kruemelskeks.net\/en\/wp-json\/wp\/v2\/pages\/54\/revisions\/1120"}],"up":[{"embeddable":true,"href":"http:\/\/kruemelskeks.net\/en\/wp-json\/wp\/v2\/pages\/13"}],"wp:featuredmedia":[{"embeddable":true,"href":"http:\/\/kruemelskeks.net\/en\/wp-json\/wp\/v2\/media\/331"}],"wp:attachment":[{"href":"http:\/\/kruemelskeks.net\/en\/wp-json\/wp\/v2\/media?parent=54"}],"curies":[{"name":"wp","href":"https:\/\/api.w.org\/{rel}","templated":true}]}}