{"id":13,"date":"2016-02-14T06:03:39","date_gmt":"2016-02-14T05:03:39","guid":{"rendered":"http:\/\/obuk-ev.org\/?page_id=13"},"modified":"2024-07-24T20:54:20","modified_gmt":"2024-07-24T18:54:20","slug":"bildungsprojekte","status":"publish","type":"page","link":"http:\/\/kruemelskeks.net\/en\/bildungsprojekte\/","title":{"rendered":"Bildungsprojekte"},"content":{"rendered":"<p>Der <em>F\u00f6rderverein Offene Bildung Umwelt Kultur e.V.<\/em> als Betreiber des tagungswerk bietet ein breites Spektrum an <strong>Workshops<\/strong>, <strong>Seminaren<\/strong> und <strong>Begegnungen<\/strong> in eigener Regie und auch f\u00fcr Eure Seminare und Veranstaltungen zur Unterst\u00fctzung an.<\/p>\n<p>Gemeinsam mit einem Team von Politikwissenschaftlern_innen und P\u00e4dagog_innen unseres Kooperationspartners<em> solar e.V.<\/em> bieten wir einen Themenkatalog, der <strong>\u00f6kologische Fragen<\/strong>, <strong>Demokratie<\/strong> und <strong>Partizipation<\/strong>, <strong>Antirassismus<\/strong> und <strong>Antidiskriminierungsthemen<\/strong> auf lokaler, nationaler und internationaler Ebene beinhaltet.<\/p>\n<p>Gern k\u00f6nnen wir Euch bei Eurem Berlin-Aufenthalt auch zu Themen der<strong> Geschichte und des Lebens in unserer Stadt<\/strong> unterst\u00fctzen. Rund um die Themen <strong>&#8220;Migration&#8221;<\/strong>, \u201c<strong>Erinnerungskulturen<\/strong>\u201c, von <strong>Mauer und Ost-West Konflikt<\/strong>\/Vergangenheit bis hin zur <strong>Alternativbewegung<\/strong> in der Stadt mit ihren vielf\u00e4ltigen Auspr\u00e4gungen stehen wir Euch gern als kompetente Ansprechpartner zur Verf\u00fcgung und bieten Euch auf Absprache geeignete Bildungsmodule an.<\/p>\n<p>Das Ziel unserer politischen Bildungsarbeit ist das gemeinsame Lernen in interaktiver und angenehmer Atmosph\u00e4re. Daf\u00fcr nutzen wir integrative Methoden, Spiele, Lesungen, Gruppenarbeit, Filme und Exkursionen etc.<\/p>\n<p>&nbsp;<\/p>\n<p>Hier ein \u00dcberblick \u00fcber unsere letzten <strong>Projekte<\/strong>:<\/p>\n<p>&nbsp;<\/p>\n<div class=\"bildergalerie\"><a title=\"Postkoloniale Bildungsperspektiven\" href=\"http:\/\/kruemelskeks.net\/bildungsprojekte\/postkoloniale-bildungsperspektiven-auf-globalen-rassismus-und-widerstand\/\"><img loading=\"lazy\" decoding=\"async\" class=\"alignnone size-medium wp-image-526\" src=\"https:\/\/http:\/\/kruemelskeks.net\/wp-content\/uploads\/2022\/12\/post-final-ger.png\" alt=\"Postkoloniale Bildungsperspektiven\" width=\"270\" height=\"270\" \/><\/a><\/div>\n<div class=\"bildergalerie\"><a href=\"https:\/\/kruemelskeks.net\/bildungsprojekte\/social-movements-migration\/\"><img loading=\"lazy\" decoding=\"async\" class=\"alignnone size-medium wp-image-526\" src=\"https:\/\/kruemelskeks.net\/wp-content\/uploads\/2016\/02\/social-movements-migration_thumbnail.png\" alt=\"Seminarreihe Social Movements and Migration\" width=\"270\" height=\"270\" srcset=\"http:\/\/kruemelskeks.net\/wp-content\/uploads\/2016\/02\/social-movements-migration_thumbnail.png 270w, http:\/\/kruemelskeks.net\/wp-content\/uploads\/2016\/02\/social-movements-migration_thumbnail-150x150.png 150w, http:\/\/kruemelskeks.net\/wp-content\/uploads\/2016\/02\/social-movements-migration_thumbnail-230x230.png 230w, http:\/\/kruemelskeks.net\/wp-content\/uploads\/2016\/02\/social-movements-migration_thumbnail-45x45.png 45w\" sizes=\"(max-width: 270px) 100vw, 270px\" \/><\/a><\/div>\n<div class=\"bildergalerie\"><a title=\"Lernpartnerschaft 'Sustainable Use of Water'\" href=\"https:\/\/kruemelskeks.net\/bildungsprojekte\/sustainable-use-of-water-wasserlernpartnerschaft\/\" rel=\"attachment wp-att-50\"><img decoding=\"async\" class=\"alignnone size-medium\" src=\"https:\/\/kruemelskeks.net\/wp-content\/uploads\/2016\/02\/waterpartnership-thumb.jpg\" alt=\"Mehr Infos zur Lernpartnerschaft &quot;Wasser und Nachhaltigkeit&quot;\" \/><\/a><\/div>\n<div class=\"bildergalerie\"><a title=\"International Training course: 'Water and Sustainability in Educational Approaches'\" href=\"https:\/\/kruemelskeks.net\/bildungsprojekte\/training-workshop-water-sustainability-in-educational-approaches\/\" rel=\"attachment wp-att-57\"><img loading=\"lazy\" decoding=\"async\" class=\"alignnone size-full wp-image-331\" src=\"https:\/\/kruemelskeks.net\/wp-content\/uploads\/2016\/02\/watertraining_thumbnail.jpg.png\" alt=\"watertraining thumbnail\" width=\"270\" height=\"270\" srcset=\"http:\/\/kruemelskeks.net\/wp-content\/uploads\/2016\/02\/watertraining_thumbnail.jpg.png 270w, http:\/\/kruemelskeks.net\/wp-content\/uploads\/2016\/02\/watertraining_thumbnail.jpg-150x150.png 150w, http:\/\/kruemelskeks.net\/wp-content\/uploads\/2016\/02\/watertraining_thumbnail.jpg-230x230.png 230w, http:\/\/kruemelskeks.net\/wp-content\/uploads\/2016\/02\/watertraining_thumbnail.jpg-45x45.png 45w\" sizes=\"(max-width: 270px) 100vw, 270px\" \/><\/a><\/div>\n<div class=\"bildergalerie\"><a title=\"Vocational training: 'Building a real community' - Photo: Till Westermayer \/ flickr\" href=\"https:\/\/kruemelskeks.net\/bildungsprojekte\/building-a-real-community\/\"><img loading=\"lazy\" decoding=\"async\" class=\"alignnone size-full wp-image-476\" src=\"https:\/\/kruemelskeks.net\/wp-content\/uploads\/2016\/06\/building-a-real-community_thumbnail.png\" alt=\"training: community building\" width=\"270\" height=\"270\" srcset=\"http:\/\/kruemelskeks.net\/wp-content\/uploads\/2016\/06\/building-a-real-community_thumbnail.png 338w, http:\/\/kruemelskeks.net\/wp-content\/uploads\/2016\/06\/building-a-real-community_thumbnail-150x150.png 150w, http:\/\/kruemelskeks.net\/wp-content\/uploads\/2016\/06\/building-a-real-community_thumbnail-300x300.png 300w, http:\/\/kruemelskeks.net\/wp-content\/uploads\/2016\/06\/building-a-real-community_thumbnail-270x270.png 270w, http:\/\/kruemelskeks.net\/wp-content\/uploads\/2016\/06\/building-a-real-community_thumbnail-230x230.png 230w, http:\/\/kruemelskeks.net\/wp-content\/uploads\/2016\/06\/building-a-real-community_thumbnail-45x45.png 45w\" sizes=\"(max-width: 270px) 100vw, 270px\" \/><\/a><\/div>\n","protected":false},"excerpt":{"rendered":"<p>Der F\u00f6rderverein offene Bildung Umwelt Kultur e.V. (OBUK) bietet mit einem Team von Politikwissenschaftlern_innen und P\u00e4dagog_innenein ein breites Spektrum an Workshops, Seminaren und Begegnungen in eigener Regie und auch f\u00fcr Eure Seminare und Veranstaltungen zur Unterst\u00fctzung an. <\/p>\n","protected":false},"author":2,"featured_media":0,"parent":0,"menu_order":0,"comment_status":"closed","ping_status":"closed","template":"","meta":{"footnotes":""},"class_list":["post-13","page","type-page","status-publish","hentry"],"yoast_head":"<!-- This site is optimized with the Yoast SEO plugin v19.8 - https:\/\/yoast.com\/wordpress\/plugins\/seo\/ -->\n<title>Bildungsprojekte - OBUK Berlin<\/title>\n<meta name=\"robots\" content=\"index, follow, max-snippet:-1, max-image-preview:large, max-video-preview:-1\" \/>\n<link rel=\"canonical\" href=\"http:\/\/kruemelskeks.net\/bildungsprojekte\/\" \/>\n<meta property=\"og:locale\" content=\"en_US\" \/>\n<meta property=\"og:type\" content=\"article\" \/>\n<meta property=\"og:title\" content=\"Bildungsprojekte - OBUK Berlin\" \/>\n<meta property=\"og:description\" content=\"Der F\u00f6rderverein offene Bildung Umwelt Kultur e.V. (OBUK) bietet mit einem Team von Politikwissenschaftlern_innen und P\u00e4dagog_innenein ein breites Spektrum an Workshops, Seminaren und Begegnungen in eigener Regie und auch f\u00fcr Eure Seminare und Veranstaltungen zur Unterst\u00fctzung an.\" \/>\n<meta property=\"og:url\" content=\"http:\/\/kruemelskeks.net\/bildungsprojekte\/\" \/>\n<meta property=\"og:site_name\" content=\"OBUK Berlin\" \/>\n<meta property=\"article:modified_time\" content=\"2024-07-24T18:54:20+00:00\" \/>\n<meta property=\"og:image\" content=\"https:\/\/http:\/\/kruemelskeks.net\/wp-content\/uploads\/2022\/12\/post-final-ger.png\" \/>\n<meta name=\"twitter:card\" content=\"summary_large_image\" \/>\n<meta name=\"twitter:label1\" content=\"Est. reading time\" \/>\n\t<meta name=\"twitter:data1\" content=\"4 minutes\" \/>\n<script type=\"application\/ld+json\" class=\"yoast-schema-graph\">{\"@context\":\"https:\/\/schema.org\",\"@graph\":[{\"@type\":\"WebPage\",\"@id\":\"http:\/\/kruemelskeks.net\/bildungsprojekte\/\",\"url\":\"http:\/\/kruemelskeks.net\/bildungsprojekte\/\",\"name\":\"Bildungsprojekte - OBUK Berlin\",\"isPartOf\":{\"@id\":\"http:\/\/kruemelskeks.net\/#website\"},\"datePublished\":\"2016-02-14T05:03:39+00:00\",\"dateModified\":\"2024-07-24T18:54:20+00:00\",\"inLanguage\":\"en-US\",\"potentialAction\":[{\"@type\":\"ReadAction\",\"target\":[\"http:\/\/kruemelskeks.net\/bildungsprojekte\/\"]}]},{\"@type\":\"WebSite\",\"@id\":\"http:\/\/kruemelskeks.net\/#website\",\"url\":\"http:\/\/kruemelskeks.net\/\",\"name\":\"OBUK Berlin\",\"description\":\"F\u00f6rderverein Bildung Umwelt Kultur e.V.\",\"potentialAction\":[{\"@type\":\"SearchAction\",\"target\":{\"@type\":\"EntryPoint\",\"urlTemplate\":\"http:\/\/kruemelskeks.net\/?s={search_term_string}\"},\"query-input\":\"required name=search_term_string\"}],\"inLanguage\":\"en-US\"}]}<\/script>\n<!-- \/ Yoast SEO plugin. -->","yoast_head_json":{"title":"Bildungsprojekte - OBUK Berlin","robots":{"index":"index","follow":"follow","max-snippet":"max-snippet:-1","max-image-preview":"max-image-preview:large","max-video-preview":"max-video-preview:-1"},"canonical":"http:\/\/kruemelskeks.net\/bildungsprojekte\/","og_locale":"en_US","og_type":"article","og_title":"Bildungsprojekte - OBUK Berlin","og_description":"Der F\u00f6rderverein offene Bildung Umwelt Kultur e.V. (OBUK) bietet mit einem Team von Politikwissenschaftlern_innen und P\u00e4dagog_innenein ein breites Spektrum an Workshops, Seminaren und Begegnungen in eigener Regie und auch f\u00fcr Eure Seminare und Veranstaltungen zur Unterst\u00fctzung an.","og_url":"http:\/\/kruemelskeks.net\/bildungsprojekte\/","og_site_name":"OBUK Berlin","article_modified_time":"2024-07-24T18:54:20+00:00","og_image":[{"url":"https:\/\/http:\/\/kruemelskeks.net\/wp-content\/uploads\/2022\/12\/post-final-ger.png"}],"twitter_card":"summary_large_image","twitter_misc":{"Est. reading time":"4 minutes"},"schema":{"@context":"https:\/\/schema.org","@graph":[{"@type":"WebPage","@id":"http:\/\/kruemelskeks.net\/bildungsprojekte\/","url":"http:\/\/kruemelskeks.net\/bildungsprojekte\/","name":"Bildungsprojekte - OBUK Berlin","isPartOf":{"@id":"http:\/\/kruemelskeks.net\/#website"},"datePublished":"2016-02-14T05:03:39+00:00","dateModified":"2024-07-24T18:54:20+00:00","inLanguage":"en-US","potentialAction":[{"@type":"ReadAction","target":["http:\/\/kruemelskeks.net\/bildungsprojekte\/"]}]},{"@type":"WebSite","@id":"http:\/\/kruemelskeks.net\/#website","url":"http:\/\/kruemelskeks.net\/","name":"OBUK Berlin","description":"F\u00f6rderverein Bildung Umwelt Kultur e.V.","potentialAction":[{"@type":"SearchAction","target":{"@type":"EntryPoint","urlTemplate":"http:\/\/kruemelskeks.net\/?s={search_term_string}"},"query-input":"required name=search_term_string"}],"inLanguage":"en-US"}]}},"_links":{"self":[{"href":"http:\/\/kruemelskeks.net\/en\/wp-json\/wp\/v2\/pages\/13"}],"collection":[{"href":"http:\/\/kruemelskeks.net\/en\/wp-json\/wp\/v2\/pages"}],"about":[{"href":"http:\/\/kruemelskeks.net\/en\/wp-json\/wp\/v2\/types\/page"}],"author":[{"embeddable":true,"href":"http:\/\/kruemelskeks.net\/en\/wp-json\/wp\/v2\/users\/2"}],"replies":[{"embeddable":true,"href":"http:\/\/kruemelskeks.net\/en\/wp-json\/wp\/v2\/comments?post=13"}],"version-history":[{"count":1,"href":"http:\/\/kruemelskeks.net\/en\/wp-json\/wp\/v2\/pages\/13\/revisions"}],"predecessor-version":[{"id":1113,"href":"http:\/\/kruemelskeks.net\/en\/wp-json\/wp\/v2\/pages\/13\/revisions\/1113"}],"wp:attachment":[{"href":"http:\/\/kruemelskeks.net\/en\/wp-json\/wp\/v2\/media?parent=13"}],"curies":[{"name":"wp","href":"https:\/\/api.w.org\/{rel}","templated":true}]}}