{"id":1003,"date":"2022-03-28T15:29:09","date_gmt":"2022-03-28T13:29:09","guid":{"rendered":"https:\/\/obuk-ev.org\/?page_id=1003"},"modified":"2024-07-24T20:54:21","modified_gmt":"2024-07-24T18:54:21","slug":"auf-den-spuren-des-widerstands-gegen-rassismus","status":"publish","type":"page","link":"http:\/\/kruemelskeks.net\/en\/auf-den-spuren-des-widerstands-gegen-rassismus\/","title":{"rendered":"Auf den Spuren des Widerstands gegen Rassismus"},"content":{"rendered":"<p><span dir=\"ltr\" role=\"presentation\">Auf den Spuren des Widerstands gegen R<\/span><span dir=\"ltr\" role=\"presentation\">assismusp ist ein Bildungsprojekt, <\/span><span dir=\"ltr\" role=\"presentation\">das sich den Themen Kolonialismus und <\/span><span dir=\"ltr\" role=\"presentation\">Rassismus aus einer widerst\u00e4ndigen <\/span><span dir=\"ltr\" role=\"presentation\">Perspektive n\u00e4hert.<\/span><br role=\"presentation\" \/><span dir=\"ltr\" role=\"presentation\">Im Mittelpunkt stehen Geschichten des <\/span><span dir=\"ltr\" role=\"presentation\">antikolonialen Widerstands in Kamerun. <\/span><span dir=\"ltr\" role=\"presentation\">Sie r\u00fccken die Vielfalt von Strategien <\/span><span dir=\"ltr\" role=\"presentation\">gegen Kolonialismus und dessen Erbe <\/span><span dir=\"ltr\" role=\"presentation\">in den Fokus. Gleichzeitig veranschau<\/span><span dir=\"ltr\" role=\"presentation\">lichen<\/span> <span dir=\"ltr\" role=\"presentation\">sie die rassistische Kolonialpolitik <\/span><span dir=\"ltr\" role=\"presentation\">Deutschlands, Frankreichs und Gro\u00df-B<\/span><span dir=\"ltr\" role=\"presentation\">ritanniens in dem zentralafrikanischen <\/span><span dir=\"ltr\" role=\"presentation\">Land. Das Projekt regt junge Menschen <\/span><span dir=\"ltr\" role=\"presentation\">dazu an, sich kritisch mit der kolonialen <\/span><span dir=\"ltr\" role=\"presentation\">Geschichte und bestehenden Macht-V<\/span><span dir=\"ltr\" role=\"presentation\">erh\u00e4ltnissen zu besch\u00e4ftigen.<\/span><\/p>\n<p>Den Auftakt bildet die <a href=\"http:\/\/kruemelskeks.net\/blog\/Veranstaltung\/workshop-antikolonialer-widerstand-das-beispiel-kamerun-deutschland\/\">Veranstaltung &#8220;Antikolonialer Widerstand: Das Beispiel Kamerun-Deutschland&#8221;<\/a> am 9. April 2022 in Berlin.<\/p>\n","protected":false},"excerpt":{"rendered":"<p>Auf den Spuren des Widerstands gegen Rassismusp ist ein Bildungsprojekt, das sich den Themen Kolonialismus und Rassismus aus einer widerst\u00e4ndigen Perspektive n\u00e4hert.Im Mittelpunkt stehen Geschichten des antikolonialen Widerstands in Kamerun. Sie r\u00fccken die Vielfalt von Strategien gegen Kolonialismus und dessen<\/p>\n","protected":false},"author":2,"featured_media":1001,"parent":0,"menu_order":0,"comment_status":"closed","ping_status":"closed","template":"","meta":{"footnotes":""},"class_list":["post-1003","page","type-page","status-publish","has-post-thumbnail","hentry"],"yoast_head":"<!-- This site is optimized with the Yoast SEO plugin v19.8 - https:\/\/yoast.com\/wordpress\/plugins\/seo\/ -->\n<title>Auf den Spuren des Widerstands gegen Rassismus - OBUK Berlin<\/title>\n<meta name=\"robots\" content=\"index, follow, max-snippet:-1, max-image-preview:large, max-video-preview:-1\" \/>\n<link rel=\"canonical\" href=\"http:\/\/kruemelskeks.net\/auf-den-spuren-des-widerstands-gegen-rassismus\/\" \/>\n<meta property=\"og:locale\" content=\"en_US\" \/>\n<meta property=\"og:type\" content=\"article\" \/>\n<meta property=\"og:title\" content=\"Auf den Spuren des Widerstands gegen Rassismus - OBUK Berlin\" \/>\n<meta property=\"og:description\" content=\"Auf den Spuren des Widerstands gegen Rassismusp ist ein Bildungsprojekt, das sich den Themen Kolonialismus und Rassismus aus einer widerst\u00e4ndigen Perspektive n\u00e4hert.Im Mittelpunkt stehen Geschichten des antikolonialen Widerstands in Kamerun. Sie r\u00fccken die Vielfalt von Strategien gegen Kolonialismus und dessen\" \/>\n<meta property=\"og:url\" content=\"http:\/\/kruemelskeks.net\/auf-den-spuren-des-widerstands-gegen-rassismus\/\" \/>\n<meta property=\"og:site_name\" content=\"OBUK Berlin\" \/>\n<meta property=\"article:modified_time\" content=\"2024-07-24T18:54:21+00:00\" \/>\n<meta property=\"og:image\" content=\"http:\/\/kruemelskeks.net\/wp-content\/uploads\/2022\/03\/cameroon.jpg\" \/>\n\t<meta property=\"og:image:width\" content=\"443\" \/>\n\t<meta property=\"og:image:height\" content=\"784\" \/>\n\t<meta property=\"og:image:type\" content=\"image\/jpeg\" \/>\n<meta name=\"twitter:card\" content=\"summary_large_image\" \/>\n<meta name=\"twitter:label1\" content=\"Est. reading time\" \/>\n\t<meta name=\"twitter:data1\" content=\"1 minute\" \/>\n<script type=\"application\/ld+json\" class=\"yoast-schema-graph\">{\"@context\":\"https:\/\/schema.org\",\"@graph\":[{\"@type\":\"WebPage\",\"@id\":\"http:\/\/kruemelskeks.net\/auf-den-spuren-des-widerstands-gegen-rassismus\/\",\"url\":\"http:\/\/kruemelskeks.net\/auf-den-spuren-des-widerstands-gegen-rassismus\/\",\"name\":\"Auf den Spuren des Widerstands gegen Rassismus - OBUK Berlin\",\"isPartOf\":{\"@id\":\"http:\/\/kruemelskeks.net\/#website\"},\"datePublished\":\"2022-03-28T13:29:09+00:00\",\"dateModified\":\"2024-07-24T18:54:21+00:00\",\"inLanguage\":\"en-US\",\"potentialAction\":[{\"@type\":\"ReadAction\",\"target\":[\"http:\/\/kruemelskeks.net\/auf-den-spuren-des-widerstands-gegen-rassismus\/\"]}]},{\"@type\":\"WebSite\",\"@id\":\"http:\/\/kruemelskeks.net\/#website\",\"url\":\"http:\/\/kruemelskeks.net\/\",\"name\":\"OBUK Berlin\",\"description\":\"F\u00f6rderverein Bildung Umwelt Kultur e.V.\",\"potentialAction\":[{\"@type\":\"SearchAction\",\"target\":{\"@type\":\"EntryPoint\",\"urlTemplate\":\"http:\/\/kruemelskeks.net\/?s={search_term_string}\"},\"query-input\":\"required name=search_term_string\"}],\"inLanguage\":\"en-US\"}]}<\/script>\n<!-- \/ Yoast SEO plugin. -->","yoast_head_json":{"title":"Auf den Spuren des Widerstands gegen Rassismus - OBUK Berlin","robots":{"index":"index","follow":"follow","max-snippet":"max-snippet:-1","max-image-preview":"max-image-preview:large","max-video-preview":"max-video-preview:-1"},"canonical":"http:\/\/kruemelskeks.net\/auf-den-spuren-des-widerstands-gegen-rassismus\/","og_locale":"en_US","og_type":"article","og_title":"Auf den Spuren des Widerstands gegen Rassismus - OBUK Berlin","og_description":"Auf den Spuren des Widerstands gegen Rassismusp ist ein Bildungsprojekt, das sich den Themen Kolonialismus und Rassismus aus einer widerst\u00e4ndigen Perspektive n\u00e4hert.Im Mittelpunkt stehen Geschichten des antikolonialen Widerstands in Kamerun. Sie r\u00fccken die Vielfalt von Strategien gegen Kolonialismus und dessen","og_url":"http:\/\/kruemelskeks.net\/auf-den-spuren-des-widerstands-gegen-rassismus\/","og_site_name":"OBUK Berlin","article_modified_time":"2024-07-24T18:54:21+00:00","og_image":[{"width":443,"height":784,"url":"http:\/\/kruemelskeks.net\/wp-content\/uploads\/2022\/03\/cameroon.jpg","type":"image\/jpeg"}],"twitter_card":"summary_large_image","twitter_misc":{"Est. reading time":"1 minute"},"schema":{"@context":"https:\/\/schema.org","@graph":[{"@type":"WebPage","@id":"http:\/\/kruemelskeks.net\/auf-den-spuren-des-widerstands-gegen-rassismus\/","url":"http:\/\/kruemelskeks.net\/auf-den-spuren-des-widerstands-gegen-rassismus\/","name":"Auf den Spuren des Widerstands gegen Rassismus - OBUK Berlin","isPartOf":{"@id":"http:\/\/kruemelskeks.net\/#website"},"datePublished":"2022-03-28T13:29:09+00:00","dateModified":"2024-07-24T18:54:21+00:00","inLanguage":"en-US","potentialAction":[{"@type":"ReadAction","target":["http:\/\/kruemelskeks.net\/auf-den-spuren-des-widerstands-gegen-rassismus\/"]}]},{"@type":"WebSite","@id":"http:\/\/kruemelskeks.net\/#website","url":"http:\/\/kruemelskeks.net\/","name":"OBUK Berlin","description":"F\u00f6rderverein Bildung Umwelt Kultur e.V.","potentialAction":[{"@type":"SearchAction","target":{"@type":"EntryPoint","urlTemplate":"http:\/\/kruemelskeks.net\/?s={search_term_string}"},"query-input":"required name=search_term_string"}],"inLanguage":"en-US"}]}},"_links":{"self":[{"href":"http:\/\/kruemelskeks.net\/en\/wp-json\/wp\/v2\/pages\/1003"}],"collection":[{"href":"http:\/\/kruemelskeks.net\/en\/wp-json\/wp\/v2\/pages"}],"about":[{"href":"http:\/\/kruemelskeks.net\/en\/wp-json\/wp\/v2\/types\/page"}],"author":[{"embeddable":true,"href":"http:\/\/kruemelskeks.net\/en\/wp-json\/wp\/v2\/users\/2"}],"replies":[{"embeddable":true,"href":"http:\/\/kruemelskeks.net\/en\/wp-json\/wp\/v2\/comments?post=1003"}],"version-history":[{"count":1,"href":"http:\/\/kruemelskeks.net\/en\/wp-json\/wp\/v2\/pages\/1003\/revisions"}],"predecessor-version":[{"id":1129,"href":"http:\/\/kruemelskeks.net\/en\/wp-json\/wp\/v2\/pages\/1003\/revisions\/1129"}],"wp:featuredmedia":[{"embeddable":true,"href":"http:\/\/kruemelskeks.net\/en\/wp-json\/wp\/v2\/media\/1001"}],"wp:attachment":[{"href":"http:\/\/kruemelskeks.net\/en\/wp-json\/wp\/v2\/media?parent=1003"}],"curies":[{"name":"wp","href":"https:\/\/api.w.org\/{rel}","templated":true}]}}